{"id":126,"date":"2024-11-30T14:30:36","date_gmt":"2024-11-30T13:30:36","guid":{"rendered":"https:\/\/lowyn.jezyce.zhp.wlkp.pl\/?page_id=126"},"modified":"2026-01-28T09:17:20","modified_gmt":"2026-01-28T08:17:20","slug":"oferta","status":"publish","type":"page","link":"https:\/\/lowyn.jezyce.zhp.wlkp.pl\/index.php\/oferta\/","title":{"rendered":"Oferta"},"content":{"rendered":"\n<p>Koszt 85z\u0142 netto\/os + kierownik za darmo (dla oboz\u00f3w min. 50 osobowych), + 1\/20 darmowy wychowawca (stawka HAL 2026)<\/p>\n\n\n\n<p>Co oferuje baza:<\/p>\n\n\n\n<ul class=\"wp-block-list\">\n<li>Zakwaterowanie w namiotach dycha wysoka\/niska, NS wed\u0142ug zapotrzebowania\n<ul class=\"wp-block-list\">\n<li>do 6 os do dychy, do 8 os do NS<\/li>\n\n\n\n<li>2 koce na osob\u0119, kanadyjka, materac<\/li>\n\n\n\n<li>1 p\u00f3\u0142ka na 3 os (do kadr\u00f3wki znajdzie si\u0119 dodatkowa)<\/li>\n\n\n\n<li>Jest spora szansa otrzymania tak\u017ce namiotu \u015bwietlicowego na podob\u00f3z (w zale\u017cno\u015bci od ob\u0142o\u017cenia)<\/li>\n<\/ul>\n<\/li>\n\n\n\n<li>Wy\u017cywienie: \u015bniadanie, obiad, podwieczorek, kolacja. Dieta mi\u0119sna\/wegetaria\u0144ska w cenie pozosta\u0142e p\u0142atne dodatkowo 10z\u0142 netto<\/li>\n\n\n\n<li>opieka medyczna &#8211; ratownika\/piel\u0119gniarki\/lekarza w zale\u017cno\u015bci od terminu<\/li>\n\n\n\n<li>Infrastruktura:\n<ul class=\"wp-block-list\">\n<li>Murowane:\n<ul class=\"wp-block-list\">\n<li>kuchnia,<\/li>\n\n\n\n<li>sanitariaty &#8211; Sanitariaty s\u0105 w\u0142a\u015bnie poddawane generalnemu remontowi \u2013 do ko\u0144ca kwietnia remont ma by\u0107 sko\u0144czony. W \u0142azienkach by\u0142a i b\u0119dzie ciep\u0142\u0105 woda 24h\n<ul class=\"wp-block-list\">\n<li>damska\n<ul class=\"wp-block-list\">\n<li>8 prysznicy<\/li>\n\n\n\n<li>7 wc<\/li>\n\n\n\n<li>7 umywalek<\/li>\n<\/ul>\n<\/li>\n\n\n\n<li>m\u0119ska:\n<ul class=\"wp-block-list\">\n<li>8 prysznicy<\/li>\n\n\n\n<li>7 wc<\/li>\n\n\n\n<li>6 umywalek<\/li>\n<\/ul>\n<\/li>\n<\/ul>\n<\/li>\n\n\n\n<li>sto\u0142\u00f3wka (120 miejsc)<\/li>\n\n\n\n<li>taras (50 miejsc)<\/li>\n<\/ul>\n<\/li>\n\n\n\n<li>namiot \u015bwietlicowy (48 m2)<\/li>\n\n\n\n<li>Mamy wodop\u00f3j z filtrowan\u0105 wod\u0105 \u2013 do nape\u0142niania bidon\u00f3w \u2013 czynny 24h<\/li>\n\n\n\n<li>2 sta\u0142e miejsca ogniskowe + 4 misy \u2013 mo\u017cna ognisko pali\u0107 na podobozie, jedna misa p\u0142ywaj\u0105ca \u2013 ognisko na jeziorze<\/li>\n<\/ul>\n<\/li>\n\n\n\n<li>Atrakcje na bazie (wszystko w cenie):\n<ul class=\"wp-block-list\">\n<li>2 sto\u0142y pinpongowe,<\/li>\n\n\n\n<li>\u015acianka wspinaczkowa<\/li>\n\n\n\n<li>MEGA Chinczyk z kostk\u0105 80cmx80cmx80cm<\/li>\n\n\n\n<li>MEGA Scrable litery formatu A3<\/li>\n\n\n\n<li>MEGA cztery w rz\u0119dzie 1,8m x 1,8m<\/li>\n\n\n\n<li>Najprawdopodobniej 12-13.07 b\u0119dziemy na bazie go\u015bci\u0107 grup\u0119 Woj\u00f3w \u201eSmoki Sigurda\u201d, kt\u00f3rzy nieodp\u0142atnie pobawi\u0105 si\u0119 z dzie\u0107mi<\/li>\n\n\n\n<li>Atrakcje wodne:\n<ul class=\"wp-block-list\">\n<li>pla\u017ca z ratownikiem &#8211; z przyczyn logistycznych miejsce okazjonalnie wykorzystywane do k\u0105pieli mo\u017ce funkcjonowa\u0107 tylko przez 30 dni (w tym roku do 08.08.2025) po tym terminie k\u0105piemy si\u0119 z SUP\u00f3w w kamizelkach asekuracyjnych.<\/li>\n\n\n\n<li>20 desek SUP,<\/li>\n\n\n\n<li>5 kajak\u00f3w,<\/li>\n\n\n\n<li>1 \u0142\u00f3dka<br>Mamy ponad 80 kapok\u00f3w \u2013 w rozmiarach umo\u017cliwiaj\u0105cych korzystanie naraz np. przez 20 dzieci 25-40kg, 20 dzieci 40-60kg, 20 dzieci 60-80kg, itd.<\/li>\n<\/ul>\n<\/li>\n<\/ul>\n<\/li>\n\n\n\n<li>S\u0142u\u017cba\n<ul class=\"wp-block-list\">\n<li>tradycyjnie mamy utrzymywanie czysto\u015bci seledynek &#8211; \u0142azienek (sprz\u0105tanie raz dziennie) oraz sto\u0142\u00f3wki (zamiatanie i mycie raz dziennie, wycieranie sto\u0142\u00f3w po sobie. W przypadku seledynek, je\u015bli s\u0142u\u017cby nie chcecie to jeste\u015bmy wstanie zorganizowa\u0107 ich obs\u0142ug\u0119<\/li>\n<\/ul>\n<\/li>\n\n\n\n<li>Chatki Robinsona s\u0105 mo\u017cliwe &#8211; Zg\u0142aszacie na 24h wcze\u015bniej (lub 48h je\u015bli w niedziele) i dostajecie suchy prowiant \u2013 mo\u017cna te\u017c sk\u0142ada\u0107 list\u0119 \u017cycze\u0144 nad kt\u00f3r\u0105 si\u0119 pochylimy i wsp\u00f3lnie ustalimy mo\u017cliwo\u015bci<\/li>\n\n\n\n<li>Pionierka:\n<ul class=\"wp-block-list\">\n<li>Mile widziana \u2013 w my\u015bl zasady po obozie teren przywracamy do stanu wcze\u015bniejszego,<\/li>\n\n\n\n<li>\u017berdzie, oflisy jeste\u015bmy wstanie Wam zapewni\u0107 (kupi\u0107, przywie\u017a\u0107), w ilo\u015bci jak\u0105 potrzebujecie (dodatkowo p\u0142atne)<\/li>\n\n\n\n<li>Drewno (z ziemi) mo\u017cna pozyskiwa\u0107 we wskazanym lesie bez ogranicze\u0144<\/li>\n<\/ul>\n<\/li>\n\n\n\n<li>Pr\u0105d \u2013 mamy miejsca dost\u0119powe, z kt\u00f3rych mo\u017cna pr\u0105d doci\u0105gn\u0105\u0107 sobie w\u0142asnym przed\u0142u\u017caczem<\/li>\n\n\n\n<li>Ewakuacja: W razie wichury\/burzy korzystamy ze sto\u0142\u00f3wki \u2013 jest to miejsce ewakuacyjne. Ja preferuj\u0119 dmucha\u0107 na zimne i jak Stra\u017c Po\u017carna zapowiada\u0142a mo\u017cliwe silne wiatry\/burze (3 stopie\u0144) to zawczasu obozy przychodzi\u0142y nocowa\u0107 na sto\u0142\u00f3wce \u2013 decyzja oczywi\u015bcie jest Wasza! W razie wi\u0119kszej potrzeby mamy mo\u017cliwo\u015b\u0107 skorzystania z Plebani i Szko\u0142y we wsi \u2013 20 minut pieszo.<\/li>\n\n\n\n<li>Atrakcje Turystyczne w okolicy:\n<ul class=\"wp-block-list\">\n<li>Chalin \u2013 o\u015brodek edukacji przyrodniczej<\/li>\n\n\n\n<li>Mniszki \u2013 Centrum Edukacji Regionalnej i Przyrodniczej \u2013 Skansen Wymar\u0142ych Zawod\u00f3w \u2013 mo\u017cna korzysta\u0107 z eksponat\u00f3w<\/li>\n\n\n\n<li>Pszczew \u2013 Muzeum Dom Szewca<\/li>\n\n\n\n<li>Sierak\u00f3w \u2013 Muzeum Zamek Opali\u0144skich \u2013 mo\u017cliwo\u015b\u0107 zaproszenia Woja jego \u017con\u0105 i dzieckiem z czas\u00f3w Mieszka I (p\u0142atne) (3-4h zabaw i pogaw\u0119dki historycznej), mo\u017cliwo\u015b\u0107 zaj\u0119\u0107 z Dogoterapeut\u0105<\/li>\n\n\n\n<li>MRU \u2013 Mi\u0119dzyrzecki Rejon Umocniony<\/li>\n<\/ul>\n<\/li>\n<\/ul>\n\n\n\n<p>W za\u0142\u0105czeniu <a href=\"https:\/\/gkzhp-my.sharepoint.com\/my?id=%2Fpersonal%2Fslawomir%5Fjaszczak%5Fzhp%5Fnet%5Fpl%2FDocuments%2FHufiec%2FKomenda%20Hufca%2FPojed%C5%BA%20na%20ob%C3%B3z%21%20%28Prezentacja%29%2Epdf&amp;parent=%2Fpersonal%2Fslawomir%5Fjaszczak%5Fzhp%5Fnet%5Fpl%2FDocuments%2FHufiec%2FKomenda%20Hufca&amp;ga=1\">ulotka <\/a><\/p>\n\n\n\n<p><\/p>\n","protected":false},"excerpt":{"rendered":"<p>Koszt 85z\u0142 netto\/os + kierownik za darmo (dla oboz\u00f3w min. 50 osobowych), + 1\/20 darmowy wychowawca (stawka HAL 2026) Co oferuje baza: W za\u0142\u0105czeniu ulotka<\/p>\n","protected":false},"author":2,"featured_media":0,"parent":0,"menu_order":0,"comment_status":"closed","ping_status":"closed","template":"","meta":{"saved_in_kubio":true,"footnotes":""},"class_list":["post-126","page","type-page","status-publish","hentry"],"kubio_ai_page_context":{"short_desc":"","purpose":"general"},"_links":{"self":[{"href":"https:\/\/lowyn.jezyce.zhp.wlkp.pl\/index.php\/wp-json\/wp\/v2\/pages\/126","targetHints":{"allow":["GET"]}}],"collection":[{"href":"https:\/\/lowyn.jezyce.zhp.wlkp.pl\/index.php\/wp-json\/wp\/v2\/pages"}],"about":[{"href":"https:\/\/lowyn.jezyce.zhp.wlkp.pl\/index.php\/wp-json\/wp\/v2\/types\/page"}],"author":[{"embeddable":true,"href":"https:\/\/lowyn.jezyce.zhp.wlkp.pl\/index.php\/wp-json\/wp\/v2\/users\/2"}],"replies":[{"embeddable":true,"href":"https:\/\/lowyn.jezyce.zhp.wlkp.pl\/index.php\/wp-json\/wp\/v2\/comments?post=126"}],"version-history":[{"count":4,"href":"https:\/\/lowyn.jezyce.zhp.wlkp.pl\/index.php\/wp-json\/wp\/v2\/pages\/126\/revisions"}],"predecessor-version":[{"id":151,"href":"https:\/\/lowyn.jezyce.zhp.wlkp.pl\/index.php\/wp-json\/wp\/v2\/pages\/126\/revisions\/151"}],"wp:attachment":[{"href":"https:\/\/lowyn.jezyce.zhp.wlkp.pl\/index.php\/wp-json\/wp\/v2\/media?parent=126"}],"curies":[{"name":"wp","href":"https:\/\/api.w.org\/{rel}","templated":true}]}}